{"id":21,"date":"2025-06-21T01:57:11","date_gmt":"2025-06-20T23:57:11","guid":{"rendered":"https:\/\/safeplace.matdan.de\/?page_id=21"},"modified":"2025-06-23T20:01:22","modified_gmt":"2025-06-23T18:01:22","slug":"level-up-your-gaming-experience-with-endless-adventures","status":"publish","type":"page","link":"https:\/\/safeplace.matdan.de\/?page_id=21","title":{"rendered":"Erlebe das echte Allianzgef\u00fchl."},"content":{"rendered":"<p data-start=\"252\" data-end=\"451\">Werde Teil von [sp99] \u2013 dem Safeplace f\u00fcr K\u00e4mpfer mit Verstand und Verb\u00fcndete mit Herz.<br data-start=\"377\" data-end=\"380\" \/>Wir sind kein Zufluchtsort \u2013 wir sind der Ursprung taktischer Dominanz.<\/p>\n<p data-start=\"453\" data-end=\"570\"><strong data-start=\"453\" data-end=\"570\">Schlie\u00df dich uns an, k\u00e4mpfe Seite an Seite, und werde Teil einer Erfolgsgeschichte, die gerade erst begonnen hat.<\/strong><\/p>\n","protected":false},"excerpt":{"rendered":"<p>Werde Teil von [sp99] \u2013 dem Safeplace f\u00fcr K\u00e4mpfer mit Verstand und Verb\u00fcndete mit Herz.Wir sind kein Zufluchtsort \u2013 wir sind der Ursprung taktischer Dominanz. Schlie\u00df dich uns an, k\u00e4mpfe Seite an Seite, und werde Teil einer Erfolgsgeschichte, die gerade erst begonnen hat.<\/p>\n","protected":false},"author":1,"featured_media":22,"parent":0,"menu_order":0,"comment_status":"closed","ping_status":"closed","template":"","meta":{"footnotes":""},"class_list":["post-21","page","type-page","status-publish","has-post-thumbnail","hentry"],"_links":{"self":[{"href":"https:\/\/safeplace.matdan.de\/index.php?rest_route=\/wp\/v2\/pages\/21","targetHints":{"allow":["GET"]}}],"collection":[{"href":"https:\/\/safeplace.matdan.de\/index.php?rest_route=\/wp\/v2\/pages"}],"about":[{"href":"https:\/\/safeplace.matdan.de\/index.php?rest_route=\/wp\/v2\/types\/page"}],"author":[{"embeddable":true,"href":"https:\/\/safeplace.matdan.de\/index.php?rest_route=\/wp\/v2\/users\/1"}],"replies":[{"embeddable":true,"href":"https:\/\/safeplace.matdan.de\/index.php?rest_route=%2Fwp%2Fv2%2Fcomments&post=21"}],"version-history":[{"count":2,"href":"https:\/\/safeplace.matdan.de\/index.php?rest_route=\/wp\/v2\/pages\/21\/revisions"}],"predecessor-version":[{"id":44,"href":"https:\/\/safeplace.matdan.de\/index.php?rest_route=\/wp\/v2\/pages\/21\/revisions\/44"}],"wp:featuredmedia":[{"embeddable":true,"href":"https:\/\/safeplace.matdan.de\/index.php?rest_route=\/wp\/v2\/media\/22"}],"wp:attachment":[{"href":"https:\/\/safeplace.matdan.de\/index.php?rest_route=%2Fwp%2Fv2%2Fmedia&parent=21"}],"curies":[{"name":"wp","href":"https:\/\/api.w.org\/{rel}","templated":true}]}}